{"id":230,"date":"2025-09-11T22:41:34","date_gmt":"2025-09-11T21:41:34","guid":{"rendered":"https:\/\/www.spark.tax\/?page_id=230"},"modified":"2026-02-02T21:03:47","modified_gmt":"2026-02-02T20:03:47","slug":"internationale-mandanten","status":"publish","type":"page","link":"https:\/\/www.spark.tax\/en\/internationale-mandanten\/","title":{"rendered":"Internationale"},"content":{"rendered":"<div class=\"kb-row-layout-wrap kb-row-layout-id230_7f9799-8b alignfull wp-block-kadence-rowlayout\"><div class=\"kt-row-column-wrap kt-has-1-columns kt-row-layout-equal kt-tab-layout-inherit kt-mobile-layout-row kt-row-valign-top\">\n\n<div class=\"wp-block-kadence-column kadence-column230_c02bd3-5e\"><div class=\"kt-inside-inner-col\"><\/div><\/div>\n\n<\/div><\/div>\n\n<div class=\"kb-row-layout-wrap kb-row-layout-id230_be61b0-b8 alignfull has-base-2-background-color kt-row-has-bg wp-block-kadence-rowlayout\"><div class=\"kt-row-column-wrap kt-has-2-columns kt-row-layout-right-golden kt-tab-layout-inherit kt-mobile-layout-row kt-row-valign-top kb-theme-content-width\">\n\n<div class=\"wp-block-kadence-column kadence-column230_dd8617-ba\"><div class=\"kt-inside-inner-col\">\n<h2 class=\"kt-adv-heading230_6c6aae-58 wp-block-kadence-advancedheading has-base-color has-text-color\" data-kb-block=\"kb-adv-heading230_6c6aae-58\">Choose a tax advisor who understands your international background<\/h2>\n<\/div><\/div>\n\n\n\n<div class=\"wp-block-kadence-column kadence-column230_de057c-94\"><div class=\"kt-inside-inner-col\">\n<h2 class=\"kt-adv-heading230_5da736-19 wp-block-kadence-advancedheading has-base-color has-text-color\" data-kb-block=\"kb-adv-heading230_5da736-19\">Germany is an exciting place to be. Countless opportunities are waiting for your talent, your ideas and your business. We help you seize them.<br><br>We are your local partner on the ground, giving you the freedom to focus on what really matters by helping you navigate the local specifics. Keeping your international background in mind, we will design tax solutions for a perfect fit with your global activities and tax obligations \u2013 wherever in the world they may be.<\/h2>\n\n\n\n<div class=\"wp-block-kadence-advancedbtn kb-buttons-wrap kb-btns230_0bdb47-98\"><a class=\"kb-button kt-button button kb-btn230_10c4b3-f2 kt-btn-size-standard kt-btn-width-type-auto kb-btn-global-inherit  kt-btn-has-text-true kt-btn-has-svg-false  wp-block-button__link wp-block-kadence-singlebtn\" href=\"https:\/\/www.spark.tax\/en\/kontakt\/\"><span class=\"kt-btn-inner-text\">Book Free Online Consultation<\/span><\/a><\/div>\n<\/div><\/div>\n\n<\/div><\/div>\n\n<div class=\"kb-row-layout-wrap kb-row-layout-id230_d33736-22 alignfull has-accent-background-color kt-row-has-bg wp-block-kadence-rowlayout\"><div class=\"kt-row-column-wrap kt-has-2-columns kt-row-layout-equal kt-tab-layout-row kt-mobile-layout-row kt-row-valign-middle kb-theme-content-width\">\n\n<div class=\"wp-block-kadence-column kadence-column230_9137b0-3c inner-column-1\"><div class=\"kt-inside-inner-col\">\n<figure class=\"wp-block-kadence-image kb-image230_dbedd4-70 size-large kb-image-is-ratio-size\"><div class=\"kb-is-ratio-image kb-image-ratio-square\"><img fetchpriority=\"high\" decoding=\"async\" width=\"1024\" height=\"683\" src=\"https:\/\/www.spark.tax\/wp-content\/uploads\/2026\/02\/Expat-komprimiert-fuer-mobil-85_-1024x683.jpg\" class=\"kb-img wp-image-1239\" srcset=\"https:\/\/www.spark.tax\/wp-content\/uploads\/2026\/02\/Expat-komprimiert-fuer-mobil-85_-1024x683.jpg 1024w, https:\/\/www.spark.tax\/wp-content\/uploads\/2026\/02\/Expat-komprimiert-fuer-mobil-85_-300x200.jpg 300w, https:\/\/www.spark.tax\/wp-content\/uploads\/2026\/02\/Expat-komprimiert-fuer-mobil-85_-768x512.jpg 768w, https:\/\/www.spark.tax\/wp-content\/uploads\/2026\/02\/Expat-komprimiert-fuer-mobil-85_-18x12.jpg 18w, https:\/\/www.spark.tax\/wp-content\/uploads\/2026\/02\/Expat-komprimiert-fuer-mobil-85_.jpg 1200w\" sizes=\"(max-width: 1024px) 100vw, 1024px\" \/><\/div><\/figure>\n<\/div><\/div>\n\n\n\n<div class=\"wp-block-kadence-column kadence-column230_8c2cd8-a0 inner-column-2\"><div class=\"kt-inside-inner-col\">\n<h3 class=\"kt-adv-heading230_1693a7-12 wp-block-kadence-advancedheading has-base-2-color has-text-color\" data-kb-block=\"kb-adv-heading230_1693a7-12\">Expats and International Talent<\/h3>\n\n\n\n<p class=\"kt-adv-heading230_76d8e2-ce wp-block-kadence-advancedheading has-base-2-color has-text-color\" data-kb-block=\"kb-adv-heading230_76d8e2-ce\">Are you working in Germany on a temporary or permanent basis? Then your income is subject to German income tax. If you are self-employed or working as a freelancer, bookkeeping and VAT obligations may also apply.<br><br>Why SPARK?<br><\/p>\n\n\n\n<div class=\"wp-block-kadence-iconlist kt-svg-icon-list-items kt-svg-icon-list-items230_dc9239-f4 kt-svg-icon-list-columns-1 alignnone kt-list-icon-aligntop\"><ul class=\"kt-svg-icon-list\">\n<li class=\"wp-block-kadence-listitem kt-svg-icon-list-item-wrap kt-svg-icon-list-item-230_bf660d-7d kt-svg-icon-list-style-stacked\"><span class=\"kb-svg-icon-wrap kb-svg-icon-fe_checkCircle kt-svg-icon-list-single\"><svg viewbox=\"0 0 24 24\"  fill=\"none\" stroke=\"currentColor\" stroke-width=\"2\" stroke-linecap=\"round\" stroke-linejoin=\"round\" xmlns=\"http:\/\/www.w3.org\/2000\/svg\"  aria-hidden=\"true\"><path d=\"M22 11.08V12a10 10 0 1 1-5.93-9.14\"\/><polyline points=\"22 4 12 14.01 9 11.01\"\/><\/svg><\/span><span class=\"kt-svg-icon-list-text\">We help prevent your foreign income from being taxed twice and know exactly which notifications need to be made to your home country.<\/span><\/li>\n\n\n\n<li class=\"wp-block-kadence-listitem kt-svg-icon-list-item-wrap kt-svg-icon-list-item-230_9c60f0-9e kt-svg-icon-list-style-stacked\"><span class=\"kb-svg-icon-wrap kb-svg-icon-fe_checkCircle kt-svg-icon-list-single\"><svg viewbox=\"0 0 24 24\"  fill=\"none\" stroke=\"currentColor\" stroke-width=\"2\" stroke-linecap=\"round\" stroke-linejoin=\"round\" xmlns=\"http:\/\/www.w3.org\/2000\/svg\"  aria-hidden=\"true\"><path d=\"M22 11.08V12a10 10 0 1 1-5.93-9.14\"\/><polyline points=\"22 4 12 14.01 9 11.01\"\/><\/svg><\/span><span class=\"kt-svg-icon-list-text\">We make use of tax benefits for employee share schemes and bonuses and also advise you on rental income or investment income.<\/span><\/li>\n\n\n\n<li class=\"wp-block-kadence-listitem kt-svg-icon-list-item-wrap kt-svg-icon-list-item-230_a33f13-93 kt-svg-icon-list-style-stacked\"><span class=\"kb-svg-icon-wrap kb-svg-icon-fe_checkCircle kt-svg-icon-list-single\"><svg viewbox=\"0 0 24 24\"  fill=\"none\" stroke=\"currentColor\" stroke-width=\"2\" stroke-linecap=\"round\" stroke-linejoin=\"round\" xmlns=\"http:\/\/www.w3.org\/2000\/svg\"  aria-hidden=\"true\"><path d=\"M22 11.08V12a10 10 0 1 1-5.93-9.14\"\/><polyline points=\"22 4 12 14.01 9 11.01\"\/><\/svg><\/span><span class=\"kt-svg-icon-list-text\">We apply the right procedures to ensure you are treated on equal terms with residents.<\/span><\/li>\n\n\n\n<li class=\"wp-block-kadence-listitem kt-svg-icon-list-item-wrap kt-svg-icon-list-item-230_df852b-ff kt-svg-icon-list-style-stacked\"><span class=\"kb-svg-icon-wrap kb-svg-icon-fe_checkCircle kt-svg-icon-list-single\"><svg viewbox=\"0 0 24 24\"  fill=\"none\" stroke=\"currentColor\" stroke-width=\"2\" stroke-linecap=\"round\" stroke-linejoin=\"round\" xmlns=\"http:\/\/www.w3.org\/2000\/svg\"  aria-hidden=\"true\"><path d=\"M22 11.08V12a10 10 0 1 1-5.93-9.14\"\/><polyline points=\"22 4 12 14.01 9 11.01\"\/><\/svg><\/span><span class=\"kt-svg-icon-list-text\">With us, you can handle all your German tax obligations fully digitally and entirely in English.<\/span><\/li>\n<\/ul><\/div>\n<\/div><\/div>\n\n<\/div><\/div>\n\n<div class=\"kb-row-layout-wrap kb-row-layout-id230_e6f32a-92 alignfull has-base-background-color kt-row-has-bg wp-block-kadence-rowlayout\"><div class=\"kt-row-column-wrap kt-has-1-columns kt-row-layout-equal kt-tab-layout-inherit kt-mobile-layout-row kt-row-valign-top\">\n\n<div class=\"wp-block-kadence-column kadence-column230_c5d41a-a9 inner-column-1\"><div class=\"kt-inside-inner-col\">\n<p class=\"kt-adv-heading230_a09f18-7d wp-block-kadence-advancedheading has-base-2-color has-text-color\" data-kb-block=\"kb-adv-heading230_a09f18-7d\">Do you have specific questions about tax residency, exit taxation or social security obligations in Germany? We are the right partner for you!<br><br><\/p>\n\n\n\n<div class=\"wp-block-kadence-advancedbtn kb-buttons-wrap kb-btns230_02a634-b5\"><a class=\"kb-button kt-button button kb-btn230_ec2956-ef kt-btn-size-standard kt-btn-width-type-auto kb-btn-global-inherit  kt-btn-has-text-true kt-btn-has-svg-false  wp-block-button__link wp-block-kadence-singlebtn\" href=\"https:\/\/www.spark.tax\/en\/startseite\/steuerberatung\/\"><span class=\"kt-btn-inner-text\">Expertise<\/span><\/a><\/div>\n<\/div><\/div>\n\n<\/div><\/div>\n\n<div class=\"kb-row-layout-wrap kb-row-layout-id230_d90512-5c alignfull has-theme-palette9-background-color kt-row-has-bg wp-block-kadence-rowlayout\"><div class=\"kt-row-column-wrap kt-has-2-columns kt-row-layout-equal kt-tab-layout-row kt-mobile-layout-row kt-row-valign-middle kb-theme-content-width\">\n\n<div class=\"wp-block-kadence-column kadence-column230_c5fa46-cd inner-column-2\"><div class=\"kt-inside-inner-col\">\n<h3 class=\"kt-adv-heading230_8203c7-6c wp-block-kadence-advancedheading has-base-color has-text-color\" data-kb-block=\"kb-adv-heading230_8203c7-6c\">International Investors<\/h3>\n\n\n\n<p class=\"kt-adv-heading230_c77897-c7 wp-block-kadence-advancedheading has-base-color has-text-color\" data-kb-block=\"kb-adv-heading230_c77897-c7\">Are you a shareholder in a German company or do you own property in Germany? Then your income from the company or the property is subject to German income tax. Property is also subject to real estate tax, and purchases or sales may trigger real estate transfer tax.<br><br>Why SPARK?<br><\/p>\n\n\n\n<div class=\"wp-block-kadence-iconlist kt-svg-icon-list-items kt-svg-icon-list-items230_e63a63-7e kt-svg-icon-list-columns-1 alignnone\"><ul class=\"kt-svg-icon-list\">\n<li class=\"wp-block-kadence-listitem kt-svg-icon-list-item-wrap kt-svg-icon-list-item-230_a052f8-91 kt-svg-icon-list-style-stacked\"><span class=\"kb-svg-icon-wrap kb-svg-icon-fe_checkCircle kt-svg-icon-list-single\"><svg viewbox=\"0 0 24 24\"  fill=\"none\" stroke=\"currentColor\" stroke-width=\"2\" stroke-linecap=\"round\" stroke-linejoin=\"round\" xmlns=\"http:\/\/www.w3.org\/2000\/svg\"  aria-hidden=\"true\"><path d=\"M22 11.08V12a10 10 0 1 1-5.93-9.14\"\/><polyline points=\"22 4 12 14.01 9 11.01\"\/><\/svg><\/span><span class=\"kt-svg-icon-list-text\">We show you how to structure your investments in the most tax-efficient way so they align perfectly with your global activities.<\/span><\/li>\n\n\n\n<li class=\"wp-block-kadence-listitem kt-svg-icon-list-item-wrap kt-svg-icon-list-item-230_9e426b-33 kt-svg-icon-list-style-stacked\"><span class=\"kb-svg-icon-wrap kb-svg-icon-fe_checkCircle kt-svg-icon-list-single\"><svg viewbox=\"0 0 24 24\"  fill=\"none\" stroke=\"currentColor\" stroke-width=\"1.5\" stroke-linecap=\"round\" stroke-linejoin=\"round\" xmlns=\"http:\/\/www.w3.org\/2000\/svg\"  aria-hidden=\"true\"><path d=\"M22 11.08V12a10 10 0 1 1-5.93-9.14\"\/><polyline points=\"22 4 12 14.01 9 11.01\"\/><\/svg><\/span><span class=\"kt-svg-icon-list-text\">We help you obtain refunds for withholding taxes on interest, royalties or dividends \u2013 or secure exemptions where possible.<\/span><\/li>\n\n\n\n<li class=\"wp-block-kadence-listitem kt-svg-icon-list-item-wrap kt-svg-icon-list-item-230_1f1b47-38 kt-svg-icon-list-style-stacked\"><span class=\"kb-svg-icon-wrap kb-svg-icon-fe_checkCircle kt-svg-icon-list-single\"><svg viewbox=\"0 0 24 24\"  fill=\"none\" stroke=\"currentColor\" stroke-width=\"2\" stroke-linecap=\"round\" stroke-linejoin=\"round\" xmlns=\"http:\/\/www.w3.org\/2000\/svg\"  aria-hidden=\"true\"><path d=\"M22 11.08V12a10 10 0 1 1-5.93-9.14\"\/><polyline points=\"22 4 12 14.01 9 11.01\"\/><\/svg><\/span><span class=\"kt-svg-icon-list-text\">We act as your local partner for all enquiries from the German tax authorities.<\/span><\/li>\n\n\n\n<li class=\"wp-block-kadence-listitem kt-svg-icon-list-item-wrap kt-svg-icon-list-item-230_4f1c76-8f kt-svg-icon-list-style-stacked\"><span class=\"kb-svg-icon-wrap kb-svg-icon-fe_checkCircle kt-svg-icon-list-single\"><svg viewbox=\"0 0 24 24\"  fill=\"none\" stroke=\"currentColor\" stroke-width=\"2\" stroke-linecap=\"round\" stroke-linejoin=\"round\" xmlns=\"http:\/\/www.w3.org\/2000\/svg\"  aria-hidden=\"true\"><path d=\"M22 11.08V12a10 10 0 1 1-5.93-9.14\"\/><polyline points=\"22 4 12 14.01 9 11.01\"\/><\/svg><\/span><span class=\"kt-svg-icon-list-text\">With us, you can handle all your German tax obligations fully digitally and entirely in English.<\/span><\/li>\n<\/ul><\/div>\n<\/div><\/div>\n\n\n\n<div class=\"wp-block-kadence-column kadence-column230_96e8ac-fd inner-column-1\"><div class=\"kt-inside-inner-col\">\n<figure class=\"wp-block-kadence-image kb-image230_a1b12e-c9 size-large kb-image-is-ratio-size\"><div class=\"kb-is-ratio-image kb-image-ratio-square\"><img decoding=\"async\" width=\"1024\" height=\"683\" data-src=\"https:\/\/www.spark.tax\/wp-content\/uploads\/2026\/02\/Investor-komprimiert-fuer-mobil-75_-1024x683.jpg\" class=\"kb-img wp-image-1242 lazyload\" data-srcset=\"https:\/\/www.spark.tax\/wp-content\/uploads\/2026\/02\/Investor-komprimiert-fuer-mobil-75_-1024x683.jpg 1024w, https:\/\/www.spark.tax\/wp-content\/uploads\/2026\/02\/Investor-komprimiert-fuer-mobil-75_-300x200.jpg 300w, https:\/\/www.spark.tax\/wp-content\/uploads\/2026\/02\/Investor-komprimiert-fuer-mobil-75_-768x512.jpg 768w, https:\/\/www.spark.tax\/wp-content\/uploads\/2026\/02\/Investor-komprimiert-fuer-mobil-75_-18x12.jpg 18w, https:\/\/www.spark.tax\/wp-content\/uploads\/2026\/02\/Investor-komprimiert-fuer-mobil-75_.jpg 1200w\" data-sizes=\"(max-width: 1024px) 100vw, 1024px\" src=\"data:image\/svg+xml;base64,PHN2ZyB3aWR0aD0iMSIgaGVpZ2h0PSIxIiB4bWxucz0iaHR0cDovL3d3dy53My5vcmcvMjAwMC9zdmciPjwvc3ZnPg==\" style=\"--smush-placeholder-width: 1024px; --smush-placeholder-aspect-ratio: 1024\/683;\" \/><\/div><\/figure>\n<\/div><\/div>\n\n<\/div><\/div>\n\n<div class=\"kb-row-layout-wrap kb-row-layout-id230_6ede69-02 alignfull has-base-background-color kt-row-has-bg wp-block-kadence-rowlayout\"><div class=\"kt-row-column-wrap kt-has-1-columns kt-row-layout-equal kt-tab-layout-inherit kt-mobile-layout-row kt-row-valign-top\">\n\n<div class=\"wp-block-kadence-column kadence-column230_467510-d4 inner-column-1\"><div class=\"kt-inside-inner-col\">\n<p class=\"kt-adv-heading230_cb57a2-83 wp-block-kadence-advancedheading has-base-2-color has-text-color\" data-kb-block=\"kb-adv-heading230_cb57a2-83\">Do you have specific questions about holding structures, restructurings or financing options? We are the right partner for you!<br><br><\/p>\n\n\n\n<div class=\"wp-block-kadence-advancedbtn kb-buttons-wrap kb-btns230_028222-17\"><a class=\"kb-button kt-button button kb-btn230_0d9cdb-d5 kt-btn-size-standard kt-btn-width-type-auto kb-btn-global-inherit  kt-btn-has-text-true kt-btn-has-svg-false  wp-block-button__link wp-block-kadence-singlebtn\" href=\"https:\/\/www.spark.tax\/en\/startseite\/steuerberatung\/\"><span class=\"kt-btn-inner-text\">Expertise<\/span><\/a><\/div>\n<\/div><\/div>\n\n<\/div><\/div>\n\n<div class=\"kb-row-layout-wrap kb-row-layout-id230_3452ad-c8 alignfull has-accent-background-color kt-row-has-bg wp-block-kadence-rowlayout\"><div class=\"kt-row-column-wrap kt-has-2-columns kt-row-layout-equal kt-tab-layout-row kt-mobile-layout-row kt-row-valign-middle kb-theme-content-width\">\n\n<div class=\"wp-block-kadence-column kadence-column230_975f5b-88 inner-column-1\"><div class=\"kt-inside-inner-col\">\n<figure class=\"wp-block-kadence-image kb-image230_7f428e-9e size-large kb-image-is-ratio-size\"><div class=\"kb-is-ratio-image kb-image-ratio-square\"><img decoding=\"async\" width=\"1024\" height=\"683\" data-src=\"https:\/\/www.spark.tax\/wp-content\/uploads\/2026\/02\/Unternehmen-komprimiert-fuer-mobil-75_-1024x683.jpg\" class=\"kb-img wp-image-1248 lazyload\" data-srcset=\"https:\/\/www.spark.tax\/wp-content\/uploads\/2026\/02\/Unternehmen-komprimiert-fuer-mobil-75_-1024x683.jpg 1024w, https:\/\/www.spark.tax\/wp-content\/uploads\/2026\/02\/Unternehmen-komprimiert-fuer-mobil-75_-300x200.jpg 300w, https:\/\/www.spark.tax\/wp-content\/uploads\/2026\/02\/Unternehmen-komprimiert-fuer-mobil-75_-768x512.jpg 768w, https:\/\/www.spark.tax\/wp-content\/uploads\/2026\/02\/Unternehmen-komprimiert-fuer-mobil-75_-18x12.jpg 18w, https:\/\/www.spark.tax\/wp-content\/uploads\/2026\/02\/Unternehmen-komprimiert-fuer-mobil-75_.jpg 1200w\" data-sizes=\"(max-width: 1024px) 100vw, 1024px\" src=\"data:image\/svg+xml;base64,PHN2ZyB3aWR0aD0iMSIgaGVpZ2h0PSIxIiB4bWxucz0iaHR0cDovL3d3dy53My5vcmcvMjAwMC9zdmciPjwvc3ZnPg==\" style=\"--smush-placeholder-width: 1024px; --smush-placeholder-aspect-ratio: 1024\/683;\" \/><\/div><\/figure>\n<\/div><\/div>\n\n\n\n<div class=\"wp-block-kadence-column kadence-column230_195ff4-fa inner-column-2\"><div class=\"kt-inside-inner-col\">\n<h3 class=\"kt-adv-heading230_2ffaf6-59 wp-block-kadence-advancedheading has-base-2-color has-text-color\" data-kb-block=\"kb-adv-heading230_2ffaf6-59\">International Companies<\/h3>\n\n\n\n<p class=\"kt-adv-heading230_a6ffec-67 wp-block-kadence-advancedheading has-base-2-color has-text-color\" data-kb-block=\"kb-adv-heading230_a6ffec-67\">Germany is an excellent location for developing, producing or distributing your products and services. Whether as a subsidiary, a branch or as part of a joint venture with a German partner, we take care of the tax obligations of your German entity.<br><br>Why SPARK?<br><\/p>\n\n\n\n<div class=\"wp-block-kadence-iconlist kt-svg-icon-list-items kt-svg-icon-list-items230_3874f6-41 kt-svg-icon-list-columns-1 alignnone\"><ul class=\"kt-svg-icon-list\">\n<li class=\"wp-block-kadence-listitem kt-svg-icon-list-item-wrap kt-svg-icon-list-item-230_6fc561-34 kt-svg-icon-list-style-stacked\"><span class=\"kb-svg-icon-wrap kb-svg-icon-fe_checkCircle kt-svg-icon-list-single\"><svg viewbox=\"0 0 24 24\"  fill=\"none\" stroke=\"currentColor\" stroke-width=\"2\" stroke-linecap=\"round\" stroke-linejoin=\"round\" xmlns=\"http:\/\/www.w3.org\/2000\/svg\"  aria-hidden=\"true\"><path d=\"M22 11.08V12a10 10 0 1 1-5.93-9.14\"\/><polyline points=\"22 4 12 14.01 9 11.01\"\/><\/svg><\/span><span class=\"kt-svg-icon-list-text\">We show you which tax structure best fits your goals, how to optimise your overall tax burden and keep your compliance obligations lean.<\/span><\/li>\n\n\n\n<li class=\"wp-block-kadence-listitem kt-svg-icon-list-item-wrap kt-svg-icon-list-item-230_b9210a-57 kt-svg-icon-list-style-stacked\"><span class=\"kb-svg-icon-wrap kb-svg-icon-fe_checkCircle kt-svg-icon-list-single\"><svg viewbox=\"0 0 24 24\"  fill=\"none\" stroke=\"currentColor\" stroke-width=\"2\" stroke-linecap=\"round\" stroke-linejoin=\"round\" xmlns=\"http:\/\/www.w3.org\/2000\/svg\"  aria-hidden=\"true\"><path d=\"M22 11.08V12a10 10 0 1 1-5.93-9.14\"\/><polyline points=\"22 4 12 14.01 9 11.01\"\/><\/svg><\/span><span class=\"kt-svg-icon-list-text\">We prepare the financial statements and tax returns of your German entity in a way that integrates smoothly into your parent company\u2019s compliance processes, including reconciliations to IFRS accounts, profit allocations between domestic and foreign operations and the determination of arm\u2019s-length transfer prices.<\/span><\/li>\n\n\n\n<li class=\"wp-block-kadence-listitem kt-svg-icon-list-item-wrap kt-svg-icon-list-item-230_68b351-cf kt-svg-icon-list-style-stacked\"><span class=\"kb-svg-icon-wrap kb-svg-icon-fe_checkCircle kt-svg-icon-list-single\"><svg viewbox=\"0 0 24 24\"  fill=\"none\" stroke=\"currentColor\" stroke-width=\"2\" stroke-linecap=\"round\" stroke-linejoin=\"round\" xmlns=\"http:\/\/www.w3.org\/2000\/svg\"  aria-hidden=\"true\"><path d=\"M22 11.08V12a10 10 0 1 1-5.93-9.14\"\/><polyline points=\"22 4 12 14.01 9 11.01\"\/><\/svg><\/span><span class=\"kt-svg-icon-list-text\">As a full-service tax firm, we provide everything from a single source: from bookkeeping, payroll and annual financial statements to tax returns.<\/span><\/li>\n\n\n\n<li class=\"wp-block-kadence-listitem kt-svg-icon-list-item-wrap kt-svg-icon-list-item-230_1cf6b5-14 kt-svg-icon-list-style-stacked\"><span class=\"kb-svg-icon-wrap kb-svg-icon-fe_checkCircle kt-svg-icon-list-single\"><svg viewbox=\"0 0 24 24\"  fill=\"none\" stroke=\"currentColor\" stroke-width=\"2\" stroke-linecap=\"round\" stroke-linejoin=\"round\" xmlns=\"http:\/\/www.w3.org\/2000\/svg\"  aria-hidden=\"true\"><path d=\"M22 11.08V12a10 10 0 1 1-5.93-9.14\"\/><polyline points=\"22 4 12 14.01 9 11.01\"\/><\/svg><\/span><span class=\"kt-svg-icon-list-text\">We act as your local partner for all enquiries from the German tax authorities.<\/span><\/li>\n\n\n\n<li class=\"wp-block-kadence-listitem kt-svg-icon-list-item-wrap kt-svg-icon-list-item-230_d95f04-f0 kt-svg-icon-list-style-stacked\"><span class=\"kb-svg-icon-wrap kb-svg-icon-fe_checkCircle kt-svg-icon-list-single\"><svg viewbox=\"0 0 24 24\"  fill=\"none\" stroke=\"currentColor\" stroke-width=\"2\" stroke-linecap=\"round\" stroke-linejoin=\"round\" xmlns=\"http:\/\/www.w3.org\/2000\/svg\"  aria-hidden=\"true\"><path d=\"M22 11.08V12a10 10 0 1 1-5.93-9.14\"\/><polyline points=\"22 4 12 14.01 9 11.01\"\/><\/svg><\/span><span class=\"kt-svg-icon-list-text\">With us, you can handle all your German tax obligations fully digitally and entirely in English.<br><\/span><\/li>\n<\/ul><\/div>\n<\/div><\/div>\n\n<\/div><\/div>\n\n<div class=\"kb-row-layout-wrap kb-row-layout-id230_59b755-d6 alignfull has-base-background-color kt-row-has-bg wp-block-kadence-rowlayout\"><div class=\"kt-row-column-wrap kt-has-1-columns kt-row-layout-equal kt-tab-layout-inherit kt-mobile-layout-row kt-row-valign-top\">\n\n<div class=\"wp-block-kadence-column kadence-column230_cf6d53-24 inner-column-1\"><div class=\"kt-inside-inner-col\">\n<p class=\"kt-adv-heading230_81be20-ab wp-block-kadence-advancedheading has-base-2-color has-text-color\" data-kb-block=\"kb-adv-heading230_81be20-ab\">Do you have specific questions about withholding taxes in Germany, restructurings or financing options? We are the right partner for you!<br><br><\/p>\n\n\n\n<div class=\"wp-block-kadence-advancedbtn kb-buttons-wrap kb-btns230_c22daf-9e\"><a class=\"kb-button kt-button button kb-btn230_2e7b33-b2 kt-btn-size-standard kt-btn-width-type-auto kb-btn-global-inherit  kt-btn-has-text-true kt-btn-has-svg-false  wp-block-button__link wp-block-kadence-singlebtn\" href=\"https:\/\/www.spark.tax\/en\/startseite\/steuerberatung\/\"><span class=\"kt-btn-inner-text\">Expertise<\/span><\/a><\/div>\n<\/div><\/div>\n\n<\/div><\/div>\n\n\n<h2 class=\"kt-adv-heading230_e786e5-10 wp-block-kadence-advancedheading\" data-kb-block=\"kb-adv-heading230_e786e5-10\"><\/h2>\n\n\n\n<h2 class=\"wp-block-heading alignfull has-base-2-color has-base-2-background-color has-text-color has-background has-link-color wp-elements-b93493e2390bdc979dde1a1f373e5e65\" style=\"padding-top:var(--wp--preset--spacing--10);padding-bottom:var(--wp--preset--spacing--50);padding-left:var(--wp--preset--spacing--50);font-size:clamp(14px, 0.875rem + ((1vw - 3.2px) * 0.313), 17px);\"><\/h2>","protected":false},"excerpt":{"rendered":"<p>Hol dir einen Berater, der deinen internationalen Hintergrund versteht Deutschland ist ein spannendes Land. Auf Dein Talent, Deine Ideen oder Dein Unternehmen warten unz\u00e4hlige Chancen. Wir unterst\u00fctzen Dich dabei, sie zu ergreifen. Wir sind Dein Partner vor Ort, halten Dir den R\u00fccken frei und helfen Dir, die lokalen Besonderheiten zu verstehen. Dabei behalten wir immer [&hellip;]<\/p>\n","protected":false},"author":1,"featured_media":0,"parent":0,"menu_order":0,"comment_status":"closed","ping_status":"closed","template":"page-no-title","meta":{"_eb_attr":"","footnotes":""},"class_list":["post-230","page","type-page","status-publish","hentry"],"_links":{"self":[{"href":"https:\/\/www.spark.tax\/en\/wp-json\/wp\/v2\/pages\/230","targetHints":{"allow":["GET"]}}],"collection":[{"href":"https:\/\/www.spark.tax\/en\/wp-json\/wp\/v2\/pages"}],"about":[{"href":"https:\/\/www.spark.tax\/en\/wp-json\/wp\/v2\/types\/page"}],"author":[{"embeddable":true,"href":"https:\/\/www.spark.tax\/en\/wp-json\/wp\/v2\/users\/1"}],"replies":[{"embeddable":true,"href":"https:\/\/www.spark.tax\/en\/wp-json\/wp\/v2\/comments?post=230"}],"version-history":[{"count":59,"href":"https:\/\/www.spark.tax\/en\/wp-json\/wp\/v2\/pages\/230\/revisions"}],"predecessor-version":[{"id":1254,"href":"https:\/\/www.spark.tax\/en\/wp-json\/wp\/v2\/pages\/230\/revisions\/1254"}],"wp:attachment":[{"href":"https:\/\/www.spark.tax\/en\/wp-json\/wp\/v2\/media?parent=230"}],"curies":[{"name":"wp","href":"https:\/\/api.w.org\/{rel}","templated":true}]}}